{"id":26,"date":"2016-10-24T14:42:09","date_gmt":"2016-10-24T14:42:09","guid":{"rendered":"http:\/\/localhost\/wlow3\/?page_id=26"},"modified":"2024-03-17T08:53:56","modified_gmt":"2024-03-17T08:53:56","slug":"credits","status":"publish","type":"page","link":"https:\/\/www.autobahn-film.de\/index.php\/credits\/","title":{"rendered":"Abspann"},"content":{"rendered":"<p style=\"text-align: right;\">Mit: Ingrid und Wilfried Weihe,<br \/>\nKlaus Mueller-Zahlmann, Stephan &#8222;H\u00f6cki&#8220; H\u00f6ckenschnieder,<br \/>\nKarin Braun, Johan Pauls,<br \/>\nNicole Sielermann, Anja Hiller<\/p>\n<p style=\"text-align: right;\">Regie: <a href=\"http:\/\/www.kamerakultur.de\" target=\"_blank\" rel=\"noopener noreferrer\">Daniel Abma<\/a><\/p>\n<p style=\"text-align: right;\">Produktion: <a href=\"https:\/\/www.burghardtniklas.net\/\" target=\"_blank\" rel=\"noopener noreferrer\">Niklas Burghardt<\/a> und Johannes W\u00f6pkemeier<\/p>\n<p style=\"text-align: right;\">Kamera: <a href=\"https:\/\/www.davidschittek.com\/\" target=\"_blank\" rel=\"noopener noreferrer\">David Schittek<\/a><\/p>\n<p style=\"text-align: right;\">Montage: <a href=\"https:\/\/www.momas.film\/\" target=\"_blank\" rel=\"noopener noreferrer\">Momas Sch\u00fctze<\/a><\/p>\n<p style=\"text-align: right;\">Sound: Malte Eiben<\/p>\n<p style=\"text-align: right;\">Musik: <a href=\"https:\/\/www.henningfuchs.com\" target=\"_blank\" rel=\"noopener noreferrer\">Henning Fuchs<\/a><\/p>\n<p style=\"text-align: right;\">Plakat- und DVD Bookletdesign: Andr\u00e9 Correia und Giulia Falciani<\/p>\n<p style=\"text-align: right;\">Ein Film der <a href=\"http:\/\/www.filmuniversitaet.de\" target=\"_blank\" rel=\"noopener noreferrer\">Filmuniversit\u00e4t Babelsberg <em>KONRAD WOLF<\/em><\/a><\/p>\n","protected":false},"excerpt":{"rendered":"<p>Mit: Ingrid und Wilfried Weihe, Klaus Mueller-Zahlmann, Stephan &#8222;H\u00f6cki&#8220; H\u00f6ckenschnieder, Karin Braun, Johan Pauls, Nicole Sielermann, Anja Hiller Regie: Daniel Abma Produktion: Niklas Burghardt und Johannes W\u00f6pkemeier Kamera: David Schittek Montage: Momas Sch\u00fctze Sound: Malte Eiben Musik: Henning Fuchs Plakat- und DVD Bookletdesign: Andr\u00e9 Correia und Giulia Falciani Ein Film der Filmuniversit\u00e4t Babelsberg KONRAD WOLF<\/p>\n","protected":false},"author":1,"featured_media":93,"parent":0,"menu_order":10,"comment_status":"closed","ping_status":"closed","template":"page-templates\/page-parallax.php","meta":{"footnotes":""},"class_list":["post-26","page","type-page","status-publish","has-post-thumbnail","hentry"],"aioseo_notices":[],"_links":{"self":[{"href":"https:\/\/www.autobahn-film.de\/index.php\/wp-json\/wp\/v2\/pages\/26","targetHints":{"allow":["GET"]}}],"collection":[{"href":"https:\/\/www.autobahn-film.de\/index.php\/wp-json\/wp\/v2\/pages"}],"about":[{"href":"https:\/\/www.autobahn-film.de\/index.php\/wp-json\/wp\/v2\/types\/page"}],"author":[{"embeddable":true,"href":"https:\/\/www.autobahn-film.de\/index.php\/wp-json\/wp\/v2\/users\/1"}],"replies":[{"embeddable":true,"href":"https:\/\/www.autobahn-film.de\/index.php\/wp-json\/wp\/v2\/comments?post=26"}],"version-history":[{"count":10,"href":"https:\/\/www.autobahn-film.de\/index.php\/wp-json\/wp\/v2\/pages\/26\/revisions"}],"predecessor-version":[{"id":617,"href":"https:\/\/www.autobahn-film.de\/index.php\/wp-json\/wp\/v2\/pages\/26\/revisions\/617"}],"wp:featuredmedia":[{"embeddable":true,"href":"https:\/\/www.autobahn-film.de\/index.php\/wp-json\/wp\/v2\/media\/93"}],"wp:attachment":[{"href":"https:\/\/www.autobahn-film.de\/index.php\/wp-json\/wp\/v2\/media?parent=26"}],"curies":[{"name":"wp","href":"https:\/\/api.w.org\/{rel}","templated":true}]}}